{"id":1958,"date":"2020-05-07T08:35:38","date_gmt":"2020-05-07T08:35:38","guid":{"rendered":"http:\/\/localhost\/theratio\/?page_id=1958"},"modified":"2024-09-19T18:55:30","modified_gmt":"2024-09-19T18:55:30","slug":"nosotros","status":"publish","type":"page","link":"http:\/\/fvarquitectos.com.mx\/nueva\/nosotros\/","title":{"rendered":"Nosotros"},"content":{"rendered":"\t\t<div data-elementor-type=\"wp-page\" data-elementor-id=\"1958\" class=\"elementor elementor-1958\">\n\t\t\t\t\t\t<section class=\"elementor-section elementor-top-section elementor-element elementor-element-bdd9939 elementor-section-content-middle elementor-section-boxed elementor-section-height-default elementor-section-height-default\" data-id=\"bdd9939\" data-element_type=\"section\" data-e-type=\"section\">\n\t\t\t\t\t\t<div class=\"elementor-container elementor-column-gap-extended\">\n\t\t\t\t\t<div class=\"elementor-column elementor-col-50 elementor-top-column elementor-element elementor-element-12b070d ot-flex-column-vertical\" data-id=\"12b070d\" data-element_type=\"column\" data-e-type=\"column\">\n\t\t\t<div class=\"elementor-widget-wrap elementor-element-populated\">\n\t\t\t\t\t\t<div class=\"elementor-element elementor-element-ea70568 elementor-widget elementor-widget-image\" data-id=\"ea70568\" data-element_type=\"widget\" data-e-type=\"widget\" data-widget_type=\"image.default\">\n\t\t\t\t<div class=\"elementor-widget-container\">\n\t\t\t\t\t\t\t\t\t\t\t\t\t\t\t<img fetchpriority=\"high\" decoding=\"async\" width=\"1631\" height=\"2560\" src=\"http:\/\/fvarquitectos.com.mx\/nueva\/wp-content\/uploads\/2024\/09\/DSC09315-2-scaled.jpg\" class=\"attachment-full size-full wp-image-4892\" alt=\"\" srcset=\"http:\/\/fvarquitectos.com.mx\/nueva\/wp-content\/uploads\/2024\/09\/DSC09315-2-scaled.jpg 1631w, http:\/\/fvarquitectos.com.mx\/nueva\/wp-content\/uploads\/2024\/09\/DSC09315-2-191x300.jpg 191w, http:\/\/fvarquitectos.com.mx\/nueva\/wp-content\/uploads\/2024\/09\/DSC09315-2-653x1024.jpg 653w, http:\/\/fvarquitectos.com.mx\/nueva\/wp-content\/uploads\/2024\/09\/DSC09315-2-768x1205.jpg 768w, http:\/\/fvarquitectos.com.mx\/nueva\/wp-content\/uploads\/2024\/09\/DSC09315-2-979x1536.jpg 979w, http:\/\/fvarquitectos.com.mx\/nueva\/wp-content\/uploads\/2024\/09\/DSC09315-2-1305x2048.jpg 1305w\" sizes=\"(max-width: 1631px) 100vw, 1631px\" \/>\t\t\t\t\t\t\t\t\t\t\t\t\t\t\t<\/div>\n\t\t\t\t<\/div>\n\t\t\t\t\t<\/div>\n\t\t<\/div>\n\t\t\t\t<div class=\"elementor-column elementor-col-50 elementor-top-column elementor-element elementor-element-c955026 ot-flex-column-vertical\" data-id=\"c955026\" data-element_type=\"column\" data-e-type=\"column\">\n\t\t\t<div class=\"elementor-widget-wrap elementor-element-populated\">\n\t\t\t\t\t\t<div class=\"elementor-element elementor-element-94474d6 elementor-widget elementor-widget-iheading\" data-id=\"94474d6\" data-element_type=\"widget\" data-e-type=\"widget\" data-widget_type=\"iheading.default\">\n\t\t\t\t<div class=\"elementor-widget-container\">\n\t\t\t\t\t\t\t<div class=\"ot-heading is-dots\">\r\n\t        <span>[ nosotros ]<\/span>\t        <h2 class=\"main-heading\">\u00bfQui\u00e9nes somos?<\/h2>\t    <\/div>\r\n\t    \t\t\t\t<\/div>\n\t\t\t\t<\/div>\n\t\t\t\t<div class=\"elementor-element elementor-element-4408703 elementor-widget elementor-widget-text-editor\" data-id=\"4408703\" data-element_type=\"widget\" data-e-type=\"widget\" data-widget_type=\"text-editor.default\">\n\t\t\t\t<div class=\"elementor-widget-container\">\n\t\t\t\t\t\t\t\t\t<p>Flores y V\u00e1zquez Arquitectos S.A de C.V nace en la ciudad de Quer\u00e9taro, M\u00e9xico hace m\u00e1s de dos d\u00e9cadas, con el prop\u00f3sito de satisfacer las demandas del mercado en el sector de la construcci\u00f3n y el desarrollo de proyectos inmobiliarios. Esta empresa fue fundada por el Arquitecto Daniel Flores Valencia, Co-CEO y Director General, y por la Arquitecta Elsa V\u00e1zquez Basald\u00faa, Co-CEO y Directora de Dise\u00f1o. Nuestra empresa cuenta con la colaboraci\u00f3n de expertos en el campo, tanto internos como externos, lo que nos permite establecer alianzas estrat\u00e9gicas que garantizan la alta calidad de nuestros productos. En Flores y V\u00e1zquez arquitectos, estamos comprometidos con forjar relaciones a largo plazo con nuestros clientes, ya que valoramos la confianza y la satisfacci\u00f3n como elementos fundamentales de nuestro negocio.<\/p>\t\t\t\t\t\t\t\t<\/div>\n\t\t\t\t<\/div>\n\t\t\t\t<div class=\"elementor-element elementor-element-f73b984 elementor-widget elementor-widget-ibutton\" data-id=\"f73b984\" data-element_type=\"widget\" data-e-type=\"widget\" data-widget_type=\"ibutton.default\">\n\t\t\t\t<div class=\"elementor-widget-container\">\n\t\t\t\t\t\t\t<div class=\"ot-button\">\r\n\t\t\t<a href=\"https:\/\/fvarquitectos.com.mx\/nueva\/nuestros-proyectos\/\" class=\"octf-btn octf-btn-dark\">Ver proyectos<\/a>\r\n\t    <\/div>\r\n\t    \t\t\t\t<\/div>\n\t\t\t\t<\/div>\n\t\t\t\t\t<\/div>\n\t\t<\/div>\n\t\t\t\t\t<\/div>\n\t\t<\/section>\n\t\t\t\t<\/div>\n\t\t","protected":false},"excerpt":{"rendered":"<p>[ nosotros ] \u00bfQui\u00e9nes somos? Flores y V\u00e1zquez Arquitectos S.A de C.V nace en la ciudad de Quer\u00e9taro, M\u00e9xico hace m\u00e1s de dos d\u00e9cadas, con el prop\u00f3sito de satisfacer las demandas del mercado en el sector de la construcci\u00f3n y el desarrollo de proyectos inmobiliarios. Esta empresa fue fundada por el Arquitecto Daniel Flores Valencia, [&hellip;]<\/p>\n","protected":false},"author":1,"featured_media":0,"parent":0,"menu_order":0,"comment_status":"closed","ping_status":"closed","template":"","meta":{"footnotes":""},"class_list":["post-1958","page","type-page","status-publish","hentry"],"_links":{"self":[{"href":"http:\/\/fvarquitectos.com.mx\/nueva\/wp-json\/wp\/v2\/pages\/1958","targetHints":{"allow":["GET"]}}],"collection":[{"href":"http:\/\/fvarquitectos.com.mx\/nueva\/wp-json\/wp\/v2\/pages"}],"about":[{"href":"http:\/\/fvarquitectos.com.mx\/nueva\/wp-json\/wp\/v2\/types\/page"}],"author":[{"embeddable":true,"href":"http:\/\/fvarquitectos.com.mx\/nueva\/wp-json\/wp\/v2\/users\/1"}],"replies":[{"embeddable":true,"href":"http:\/\/fvarquitectos.com.mx\/nueva\/wp-json\/wp\/v2\/comments?post=1958"}],"version-history":[{"count":15,"href":"http:\/\/fvarquitectos.com.mx\/nueva\/wp-json\/wp\/v2\/pages\/1958\/revisions"}],"predecessor-version":[{"id":5015,"href":"http:\/\/fvarquitectos.com.mx\/nueva\/wp-json\/wp\/v2\/pages\/1958\/revisions\/5015"}],"wp:attachment":[{"href":"http:\/\/fvarquitectos.com.mx\/nueva\/wp-json\/wp\/v2\/media?parent=1958"}],"curies":[{"name":"wp","href":"https:\/\/api.w.org\/{rel}","templated":true}]}}